{"id":4035,"date":"2023-07-20T12:17:33","date_gmt":"2023-07-20T10:17:33","guid":{"rendered":"https:\/\/www.polyglot.hu\/?page_id=4035"},"modified":"2023-11-29T11:56:49","modified_gmt":"2023-11-29T10:56:49","slug":"reference","status":"publish","type":"page","link":"https:\/\/www.polyglot.hu\/en\/reference\/","title":{"rendered":"Reference"},"content":{"rendered":"\t\t<div data-elementor-type=\"wp-page\" data-elementor-id=\"4035\" class=\"elementor elementor-4035 elementor-14\" data-elementor-post-type=\"page\">\n\t\t\t\t\t\t<section class=\"elementor-section elementor-top-section elementor-element elementor-element-5316cd3 elementor-section-boxed elementor-section-height-default elementor-section-height-default\" data-id=\"5316cd3\" data-element_type=\"section\" data-settings=\"{&quot;background_background&quot;:&quot;classic&quot;}\">\n\t\t\t\t\t\t<div class=\"elementor-container elementor-column-gap-default\">\n\t\t\t\t\t<div class=\"elementor-column elementor-col-100 elementor-top-column elementor-element elementor-element-78bd2ac\" data-id=\"78bd2ac\" data-element_type=\"column\">\n\t\t\t<div class=\"elementor-widget-wrap elementor-element-populated\">\n\t\t\t\t\t\t<div class=\"elementor-element elementor-element-a59bef1 elementor-widget elementor-widget-heading\" data-id=\"a59bef1\" data-element_type=\"widget\" data-widget_type=\"heading.default\">\n\t\t\t\t<div class=\"elementor-widget-container\">\n\t\t\t\t\t<h1 class=\"elementor-heading-title elementor-size-default\">References<\/h1>\t\t\t\t<\/div>\n\t\t\t\t<\/div>\n\t\t\t\t\t<\/div>\n\t\t<\/div>\n\t\t\t\t\t<\/div>\n\t\t<\/section>\n\t\t\t\t<section class=\"elementor-section elementor-top-section elementor-element elementor-element-59c5a66 elementor-section-boxed elementor-section-height-default elementor-section-height-default\" data-id=\"59c5a66\" data-element_type=\"section\">\n\t\t\t\t\t\t<div class=\"elementor-container elementor-column-gap-default\">\n\t\t\t\t\t<div class=\"elementor-column elementor-col-100 elementor-top-column elementor-element elementor-element-ec891e7\" data-id=\"ec891e7\" data-element_type=\"column\">\n\t\t\t<div class=\"elementor-widget-wrap elementor-element-populated\">\n\t\t\t\t\t\t<div class=\"elementor-element elementor-element-bd42916 elementor-widget elementor-widget-text-editor\" data-id=\"bd42916\" data-element_type=\"widget\" data-widget_type=\"text-editor.default\">\n\t\t\t\t<div class=\"elementor-widget-container\">\n\t\t\t\t\t\t\t\t\t<p>The basis of the many years of operation of the Polyglot Translation Agency lies not only in its professionalism, but also in its successful partnerships. Whether it is a one-off assignment or a long-term cooperation, our clients&#8217; satisfaction is due to the high quality of our standards.\u00a0 We select our staff carefully, who have several years of experience in <a href=\"https:\/\/www.polyglot.hu\/en\/translation\/\">translation<\/a>, interpreting, <a href=\"https:\/\/www.polyglot.hu\/en\/language-training\/\">language training<\/a> and proofreading.\u00a0<\/p><p>It is obvious that not only professionalism determines our success! Just as important is the attitude, the ability to understand and meet the client&#8217;s needs. This is the reason we make it a priority to be attentive to our clients, as this saves a lot of time and unnecessary queries. And as we know, time is money! This is why our business clients choose us, because we are unbeatable in speed. We know what is possible when we have to work at a tight deadline, or when we are approached with a more complex task than usual. That should be the core value determined by our flexibility, being one of our translation agency&#8217;s strengths. Consequently, we are also open to individual requests for quotations, because we have learned in the course of our work that there are no templates. Every industry presents different challenges and the same is true for our clients. It makes a difference whether you are a small, medium or large company, as you have different preferences when communicating with your foreign clients.<\/p><p>Whether you have existing contacts abroad or are just opening up to international business, you can count on us for interpreting, proofreading, translation and language training.<\/p><p>We help you achieve your business goals, check our references!<\/p>\t\t\t\t\t\t\t\t<\/div>\n\t\t\t\t<\/div>\n\t\t\t\t\t<\/div>\n\t\t<\/div>\n\t\t\t\t\t<\/div>\n\t\t<\/section>\n\t\t\t\t<section class=\"elementor-section elementor-top-section elementor-element elementor-element-5597c19 elementor-section-content-middle elementor-section-boxed elementor-section-height-default elementor-section-height-default\" data-id=\"5597c19\" data-element_type=\"section\" data-settings=\"{&quot;background_background&quot;:&quot;classic&quot;}\">\n\t\t\t\t\t\t\t<div class=\"elementor-background-overlay\"><\/div>\n\t\t\t\t\t\t\t<div class=\"elementor-container elementor-column-gap-no\">\n\t\t\t\t\t<div class=\"elementor-column elementor-col-100 elementor-top-column elementor-element elementor-element-89cb6bf\" data-id=\"89cb6bf\" data-element_type=\"column\" data-settings=\"{&quot;background_background&quot;:&quot;classic&quot;}\">\n\t\t\t<div class=\"elementor-widget-wrap elementor-element-populated\">\n\t\t\t\t\t\t<div class=\"elementor-element elementor-element-2c6e81e animated-slow elementor-invisible elementor-widget elementor-widget-heading\" data-id=\"2c6e81e\" data-element_type=\"widget\" data-settings=\"{&quot;_animation&quot;:&quot;fadeInUp&quot;}\" data-widget_type=\"heading.default\">\n\t\t\t\t<div class=\"elementor-widget-container\">\n\t\t\t\t\t<h5 class=\"elementor-heading-title elementor-size-default\">Quotes from our clients,<\/h5>\t\t\t\t<\/div>\n\t\t\t\t<\/div>\n\t\t\t\t<div class=\"elementor-element elementor-element-42646dc elementor-widget elementor-widget-heading\" data-id=\"42646dc\" data-element_type=\"widget\" data-widget_type=\"heading.default\">\n\t\t\t\t<div class=\"elementor-widget-container\">\n\t\t\t\t\t<h2 class=\"elementor-heading-title elementor-size-default\">Customers who have chosen us<\/h2>\t\t\t\t<\/div>\n\t\t\t\t<\/div>\n\t\t\t\t\t<\/div>\n\t\t<\/div>\n\t\t\t\t\t<\/div>\n\t\t<\/section>\n\t\t\t\t<section class=\"elementor-section elementor-top-section elementor-element elementor-element-3f4afe6 elementor-section-content-top elementor-section-boxed elementor-section-height-default elementor-section-height-default\" data-id=\"3f4afe6\" data-element_type=\"section\">\n\t\t\t\t\t\t<div class=\"elementor-container elementor-column-gap-default\">\n\t\t\t\t\t<div class=\"elementor-column elementor-col-33 elementor-top-column elementor-element elementor-element-d370532\" data-id=\"d370532\" data-element_type=\"column\">\n\t\t\t<div class=\"elementor-widget-wrap elementor-element-populated\">\n\t\t\t\t\t\t<div class=\"elementor-element elementor-element-6c11ee7 elementor-widget elementor-widget-text-editor\" data-id=\"6c11ee7\" data-element_type=\"widget\" data-widget_type=\"text-editor.default\">\n\t\t\t\t<div class=\"elementor-widget-container\">\n\t\t\t\t\t\t\t\t\t<h5 style=\"text-align: center;\"><span style=\"font-weight: 400;\">\u201eProfessional solutions <\/span><span style=\"font-weight: 400;\">incredibly fast.\u201d<\/span><\/h5>\t\t\t\t\t\t\t\t<\/div>\n\t\t\t\t<\/div>\n\t\t\t\t<div class=\"elementor-element elementor-element-3c6fcf5 elementor-blockquote--skin-boxed elementor-widget elementor-widget-blockquote\" data-id=\"3c6fcf5\" data-element_type=\"widget\" data-widget_type=\"blockquote.default\">\n\t\t\t\t<div class=\"elementor-widget-container\">\n\t\t\t\t\t\t\t<blockquote class=\"elementor-blockquote\">\n\t\t\t<p class=\"elementor-blockquote__content\">\n\t\t\t\tA law firm often needs an interpreter or a translator. Personally, I am all for professional solutions.\nAnik\u00f3 S\u00f3ti is a wonderful partner in this. I have contacted her on several occasions, and her\nassistance was so prompt that she returned the foreign language translation to me, with little\nexaggeration, before I had informed the client that the documents were with the translator.\n\n\n\t\t\t<\/p>\n\t\t\t\t\t\t\t<div class=\"e-q-footer\">\n\t\t\t\t\t\t\t\t\t\t\t<cite class=\"elementor-blockquote__author\">Dr. Rag\u00e1ny ZOLT\u00c1N \u00fcgyv\u00e9d <br>Attorney-at-Law<br>Rag\u00e1ny \u00dcgyv\u00e9di Iroda<br><\/cite>\n\t\t\t\t\t\t\t\t\t\t\t\t\t\t<\/div>\n\t\t\t\t\t<\/blockquote>\n\t\t\t\t\t\t<\/div>\n\t\t\t\t<\/div>\n\t\t\t\t<div class=\"elementor-element elementor-element-06d512f elementor-widget elementor-widget-image\" data-id=\"06d512f\" data-element_type=\"widget\" data-widget_type=\"image.default\">\n\t\t\t\t<div class=\"elementor-widget-container\">\n\t\t\t\t\t\t\t\t\t\t\t\t\t\t\t<img fetchpriority=\"high\" decoding=\"async\" width=\"800\" height=\"800\" src=\"https:\/\/www.polyglot.hu\/wp-content\/uploads\/2023\/01\/dr-ragany-zoltan-ugyved-referencia-polyglot-1-1024x1024.webp\" class=\"attachment-large size-large wp-image-2465\" alt=\"Dr. Rag\u00e1ny Zolt\u00e1n \u00dcgyv\u00e9di Iroda - Polyglot referencia\" srcset=\"https:\/\/www.polyglot.hu\/wp-content\/uploads\/2023\/01\/dr-ragany-zoltan-ugyved-referencia-polyglot-1.webp 1024w, https:\/\/www.polyglot.hu\/wp-content\/uploads\/2023\/01\/dr-ragany-zoltan-ugyved-referencia-polyglot-1-300x300.webp 300w, https:\/\/www.polyglot.hu\/wp-content\/uploads\/2023\/01\/dr-ragany-zoltan-ugyved-referencia-polyglot-1-150x150.webp 150w, https:\/\/www.polyglot.hu\/wp-content\/uploads\/2023\/01\/dr-ragany-zoltan-ugyved-referencia-polyglot-1-768x768.webp 768w, https:\/\/www.polyglot.hu\/wp-content\/uploads\/2023\/01\/dr-ragany-zoltan-ugyved-referencia-polyglot-1-12x12.webp 12w\" sizes=\"(max-width: 800px) 100vw, 800px\" \/>\t\t\t\t\t\t\t\t\t\t\t\t\t\t\t<\/div>\n\t\t\t\t<\/div>\n\t\t\t\t\t<\/div>\n\t\t<\/div>\n\t\t\t\t<div class=\"elementor-column elementor-col-33 elementor-top-column elementor-element elementor-element-bda9690\" data-id=\"bda9690\" data-element_type=\"column\">\n\t\t\t<div class=\"elementor-widget-wrap elementor-element-populated\">\n\t\t\t\t\t\t<div class=\"elementor-element elementor-element-c2c6caf elementor-widget elementor-widget-text-editor\" data-id=\"c2c6caf\" data-element_type=\"widget\" data-widget_type=\"text-editor.default\">\n\t\t\t\t<div class=\"elementor-widget-container\">\n\t\t\t\t\t\t\t\t\t<h5 style=\"text-align: center;\"><span style=\"font-weight: 400;\">\u201c\u201cTheir flexible, prepared interpreters were a great help\u201d<\/span><\/h5>\t\t\t\t\t\t\t\t<\/div>\n\t\t\t\t<\/div>\n\t\t\t\t<div class=\"elementor-element elementor-element-1acc5ec elementor-blockquote--skin-boxed elementor-widget elementor-widget-blockquote\" data-id=\"1acc5ec\" data-element_type=\"widget\" data-widget_type=\"blockquote.default\">\n\t\t\t\t<div class=\"elementor-widget-container\">\n\t\t\t\t\t\t\t<blockquote class=\"elementor-blockquote\">\n\t\t\t<p class=\"elementor-blockquote__content\">\n\t\t\t\tI am satisfied with the preparation, attitude and flexibility of their interpreters. I would also like to\nthank them for their help during the work and for the Polish-Hungarian basic course. I think the term\n\u201cBEDZIE PAN ZADOWOLONY\u201d will remain in daily use in the company for a long time.\n\t\t\t<\/p>\n\t\t\t\t\t\t\t<div class=\"e-q-footer\">\n\t\t\t\t\t\t\t\t\t\t\t<cite class=\"elementor-blockquote__author\">Fekete ATTILA Energetics Team Leader <br>MARS Magyarorsz\u00e1g<br>MARS Hungary<\/cite>\n\t\t\t\t\t\t\t\t\t\t\t\t\t\t<\/div>\n\t\t\t\t\t<\/blockquote>\n\t\t\t\t\t\t<\/div>\n\t\t\t\t<\/div>\n\t\t\t\t<div class=\"elementor-element elementor-element-40a1133 elementor-widget elementor-widget-spacer\" data-id=\"40a1133\" data-element_type=\"widget\" data-widget_type=\"spacer.default\">\n\t\t\t\t<div class=\"elementor-widget-container\">\n\t\t\t\t\t\t\t<div class=\"elementor-spacer\">\n\t\t\t<div class=\"elementor-spacer-inner\"><\/div>\n\t\t<\/div>\n\t\t\t\t\t\t<\/div>\n\t\t\t\t<\/div>\n\t\t\t\t<div class=\"elementor-element elementor-element-4bd31c2 elementor-widget elementor-widget-image\" data-id=\"4bd31c2\" data-element_type=\"widget\" data-widget_type=\"image.default\">\n\t\t\t\t<div class=\"elementor-widget-container\">\n\t\t\t\t\t\t\t\t\t\t\t\t\t\t\t<img decoding=\"async\" width=\"800\" height=\"273\" src=\"https:\/\/www.polyglot.hu\/wp-content\/uploads\/2023\/01\/optimized-background-images-polyglot.webp\" class=\"attachment-large size-large wp-image-2548\" alt=\"MARS Magyarorsz\u00e1g - Polyglot Ford\u00edt\u00f3iroda referencia\" srcset=\"https:\/\/www.polyglot.hu\/wp-content\/uploads\/2023\/01\/optimized-background-images-polyglot.webp 1024w, https:\/\/www.polyglot.hu\/wp-content\/uploads\/2023\/01\/optimized-background-images-polyglot-300x103.webp 300w, https:\/\/www.polyglot.hu\/wp-content\/uploads\/2023\/01\/optimized-background-images-polyglot-768x263.webp 768w, https:\/\/www.polyglot.hu\/wp-content\/uploads\/2023\/01\/optimized-background-images-polyglot-18x6.webp 18w\" sizes=\"(max-width: 800px) 100vw, 800px\" \/>\t\t\t\t\t\t\t\t\t\t\t\t\t\t\t<\/div>\n\t\t\t\t<\/div>\n\t\t\t\t\t<\/div>\n\t\t<\/div>\n\t\t\t\t<div class=\"elementor-column elementor-col-33 elementor-top-column elementor-element elementor-element-545110b\" data-id=\"545110b\" data-element_type=\"column\">\n\t\t\t<div class=\"elementor-widget-wrap elementor-element-populated\">\n\t\t\t\t\t\t<div class=\"elementor-element elementor-element-e92055e elementor-widget elementor-widget-text-editor\" data-id=\"e92055e\" data-element_type=\"widget\" data-widget_type=\"text-editor.default\">\n\t\t\t\t<div class=\"elementor-widget-container\">\n\t\t\t\t\t\t\t\t\t<h5 style=\"text-align: center;\"><span style=\"font-weight: 400;\">\u201cWe have been working with Polyglot\u2019s highly qualified team since 2013. &#8220;<\/span><\/h5>\t\t\t\t\t\t\t\t<\/div>\n\t\t\t\t<\/div>\n\t\t\t\t<div class=\"elementor-element elementor-element-6251e9b elementor-blockquote--skin-boxed elementor-widget elementor-widget-blockquote\" data-id=\"6251e9b\" data-element_type=\"widget\" data-widget_type=\"blockquote.default\">\n\t\t\t\t<div class=\"elementor-widget-container\">\n\t\t\t\t\t\t\t<blockquote class=\"elementor-blockquote\">\n\t\t\t<p class=\"elementor-blockquote__content\">\n\t\t\t\tOur vision with our mozaLearn education system is to make life easier for teachers worldwide and to\nhelp students learn digitally with state-of-the-art, professionally developed interactive materials.\nPolyglot has been delivering language solutions for us since 2013 with a team of highly skilled, native-\nspeaking translators who are committed to our mission and contribute to achieving our goals.\n\n\t\t\t<\/p>\n\t\t\t\t\t\t\t<div class=\"e-q-footer\">\n\t\t\t\t\t\t\t\t\t\t\t<cite class=\"elementor-blockquote__author\">Mozaik Textbook Publishing<\/cite>\n\t\t\t\t\t\t\t\t\t\t\t\t\t\t<\/div>\n\t\t\t\t\t<\/blockquote>\n\t\t\t\t\t\t<\/div>\n\t\t\t\t<\/div>\n\t\t\t\t<div class=\"elementor-element elementor-element-e16cdcd elementor-widget elementor-widget-image\" data-id=\"e16cdcd\" data-element_type=\"widget\" data-widget_type=\"image.default\">\n\t\t\t\t<div class=\"elementor-widget-container\">\n\t\t\t\t\t\t\t\t\t\t\t\t\t\t\t<img decoding=\"async\" width=\"800\" height=\"273\" src=\"https:\/\/www.polyglot.hu\/wp-content\/uploads\/2023\/01\/partnerek-mozaik-education-polyglot.webp\" class=\"attachment-large size-large wp-image-2473\" alt=\"Mozaik Tank\u00f6nyvkiad\u00f3 - Polyglot Ford\u00edt\u00f3iroda referencia\" srcset=\"https:\/\/www.polyglot.hu\/wp-content\/uploads\/2023\/01\/partnerek-mozaik-education-polyglot.webp 1024w, https:\/\/www.polyglot.hu\/wp-content\/uploads\/2023\/01\/partnerek-mozaik-education-polyglot-300x103.webp 300w, https:\/\/www.polyglot.hu\/wp-content\/uploads\/2023\/01\/partnerek-mozaik-education-polyglot-768x263.webp 768w, https:\/\/www.polyglot.hu\/wp-content\/uploads\/2023\/01\/partnerek-mozaik-education-polyglot-18x6.webp 18w\" sizes=\"(max-width: 800px) 100vw, 800px\" \/>\t\t\t\t\t\t\t\t\t\t\t\t\t\t\t<\/div>\n\t\t\t\t<\/div>\n\t\t\t\t\t<\/div>\n\t\t<\/div>\n\t\t\t\t\t<\/div>\n\t\t<\/section>\n\t\t\t\t<\/div>\n\t\t","protected":false},"excerpt":{"rendered":"<p>References The basis of the many years of operation of the Polyglot Translation Agency lies not only in its professionalism, but also in its successful partnerships. Whether it is a one-off assignment or a long-term cooperation, our clients&#8217; satisfaction is due to the high quality of our standards.\u00a0 We select our staff carefully, who have [&hellip;]<\/p>\n","protected":false},"author":3,"featured_media":3723,"parent":0,"menu_order":0,"comment_status":"closed","ping_status":"closed","template":"","meta":{"footnotes":""},"class_list":["post-4035","page","type-page","status-publish","has-post-thumbnail","hentry"],"yoast_head":"<!-- This site is optimized with the Yoast SEO plugin v25.7 - https:\/\/yoast.com\/wordpress\/plugins\/seo\/ -->\n<title>Reference - Polyglot<\/title>\n<meta name=\"description\" content=\"Reference - quotes from our clients. With years of professional experience several business partners chose Polyglot. Contact us!\" \/>\n<meta name=\"robots\" content=\"index, follow, max-snippet:-1, max-image-preview:large, max-video-preview:-1\" \/>\n<link rel=\"canonical\" href=\"https:\/\/www.polyglot.hu\/en\/reference\/\" \/>\n<meta property=\"og:locale\" content=\"en_US\" \/>\n<meta property=\"og:type\" content=\"article\" \/>\n<meta property=\"og:title\" content=\"Reference - Polyglot\" \/>\n<meta property=\"og:description\" content=\"Reference - quotes from our clients. With years of professional experience several business partners chose Polyglot. Contact us!\" \/>\n<meta property=\"og:url\" content=\"https:\/\/www.polyglot.hu\/en\/reference\/\" \/>\n<meta property=\"og:site_name\" content=\"Polyglot\" \/>\n<meta property=\"article:publisher\" content=\"https:\/\/www.facebook.com\/polyglot.hu\" \/>\n<meta property=\"article:modified_time\" content=\"2023-11-29T10:56:49+00:00\" \/>\n<meta property=\"og:image\" content=\"https:\/\/www.polyglot.hu\/wp-content\/uploads\/2023\/01\/referencia-mozaik-polyglot.webp\" \/>\n\t<meta property=\"og:image:width\" content=\"1024\" \/>\n\t<meta property=\"og:image:height\" content=\"1024\" \/>\n\t<meta property=\"og:image:type\" content=\"image\/webp\" \/>\n<meta name=\"twitter:card\" content=\"summary_large_image\" \/>\n<meta name=\"twitter:label1\" content=\"Est. reading time\" \/>\n\t<meta name=\"twitter:data1\" content=\"3 minutes\" \/>\n<script type=\"application\/ld+json\" class=\"yoast-schema-graph\">{\"@context\":\"https:\/\/schema.org\",\"@graph\":[{\"@type\":\"WebPage\",\"@id\":\"https:\/\/www.polyglot.hu\/en\/reference\/\",\"url\":\"https:\/\/www.polyglot.hu\/en\/reference\/\",\"name\":\"Reference - Polyglot\",\"isPartOf\":{\"@id\":\"https:\/\/www.polyglot.hu\/#website\"},\"primaryImageOfPage\":{\"@id\":\"https:\/\/www.polyglot.hu\/en\/reference\/#primaryimage\"},\"image\":{\"@id\":\"https:\/\/www.polyglot.hu\/en\/reference\/#primaryimage\"},\"thumbnailUrl\":\"https:\/\/www.polyglot.hu\/wp-content\/uploads\/2023\/01\/referencia-mozaik-polyglot.webp\",\"datePublished\":\"2023-07-20T10:17:33+00:00\",\"dateModified\":\"2023-11-29T10:56:49+00:00\",\"description\":\"Reference - quotes from our clients. With years of professional experience several business partners chose Polyglot. Contact us!\",\"breadcrumb\":{\"@id\":\"https:\/\/www.polyglot.hu\/en\/reference\/#breadcrumb\"},\"inLanguage\":\"en-US\",\"potentialAction\":[{\"@type\":\"ReadAction\",\"target\":[\"https:\/\/www.polyglot.hu\/en\/reference\/\"]}]},{\"@type\":\"ImageObject\",\"inLanguage\":\"en-US\",\"@id\":\"https:\/\/www.polyglot.hu\/en\/reference\/#primaryimage\",\"url\":\"https:\/\/www.polyglot.hu\/wp-content\/uploads\/2023\/01\/referencia-mozaik-polyglot.webp\",\"contentUrl\":\"https:\/\/www.polyglot.hu\/wp-content\/uploads\/2023\/01\/referencia-mozaik-polyglot.webp\",\"width\":1024,\"height\":1024},{\"@type\":\"BreadcrumbList\",\"@id\":\"https:\/\/www.polyglot.hu\/en\/reference\/#breadcrumb\",\"itemListElement\":[{\"@type\":\"ListItem\",\"position\":1,\"name\":\"Kezd\u0151lap\",\"item\":\"https:\/\/www.polyglot.hu\/en\/\"},{\"@type\":\"ListItem\",\"position\":2,\"name\":\"Reference\"}]},{\"@type\":\"WebSite\",\"@id\":\"https:\/\/www.polyglot.hu\/#website\",\"url\":\"https:\/\/www.polyglot.hu\/\",\"name\":\"Polyglot\",\"description\":\"Ford\u00edt\u00e1s \u00e9s tolm\u00e1csol\u00e1s\",\"publisher\":{\"@id\":\"https:\/\/www.polyglot.hu\/#organization\"},\"alternateName\":\"Polyglot Translation Agency\",\"potentialAction\":[{\"@type\":\"SearchAction\",\"target\":{\"@type\":\"EntryPoint\",\"urlTemplate\":\"https:\/\/www.polyglot.hu\/?s={search_term_string}\"},\"query-input\":{\"@type\":\"PropertyValueSpecification\",\"valueRequired\":true,\"valueName\":\"search_term_string\"}}],\"inLanguage\":\"en-US\"},{\"@type\":\"Organization\",\"@id\":\"https:\/\/www.polyglot.hu\/#organization\",\"name\":\"Polyglot Hungary Bt.\",\"alternateName\":\"Polyglot Ford\u00edt\u00f3iroda\",\"url\":\"https:\/\/www.polyglot.hu\/\",\"logo\":{\"@type\":\"ImageObject\",\"inLanguage\":\"en-US\",\"@id\":\"https:\/\/www.polyglot.hu\/#\/schema\/logo\/image\/\",\"url\":\"https:\/\/www.polyglot.hu\/wp-content\/uploads\/2022\/11\/Polyglot-logo-forditas.png\",\"contentUrl\":\"https:\/\/www.polyglot.hu\/wp-content\/uploads\/2022\/11\/Polyglot-logo-forditas.png\",\"width\":1280,\"height\":565,\"caption\":\"Polyglot Hungary Bt.\"},\"image\":{\"@id\":\"https:\/\/www.polyglot.hu\/#\/schema\/logo\/image\/\"},\"sameAs\":[\"https:\/\/www.facebook.com\/polyglot.hu\"]}]}<\/script>\n<!-- \/ Yoast SEO plugin. -->","yoast_head_json":{"title":"Reference - Polyglot","description":"Reference - quotes from our clients. With years of professional experience several business partners chose Polyglot. Contact us!","robots":{"index":"index","follow":"follow","max-snippet":"max-snippet:-1","max-image-preview":"max-image-preview:large","max-video-preview":"max-video-preview:-1"},"canonical":"https:\/\/www.polyglot.hu\/en\/reference\/","og_locale":"en_US","og_type":"article","og_title":"Reference - Polyglot","og_description":"Reference - quotes from our clients. With years of professional experience several business partners chose Polyglot. Contact us!","og_url":"https:\/\/www.polyglot.hu\/en\/reference\/","og_site_name":"Polyglot","article_publisher":"https:\/\/www.facebook.com\/polyglot.hu","article_modified_time":"2023-11-29T10:56:49+00:00","og_image":[{"width":1024,"height":1024,"url":"https:\/\/www.polyglot.hu\/wp-content\/uploads\/2023\/01\/referencia-mozaik-polyglot.webp","type":"image\/webp"}],"twitter_card":"summary_large_image","twitter_misc":{"Est. reading time":"3 minutes"},"schema":{"@context":"https:\/\/schema.org","@graph":[{"@type":"WebPage","@id":"https:\/\/www.polyglot.hu\/en\/reference\/","url":"https:\/\/www.polyglot.hu\/en\/reference\/","name":"Reference - Polyglot","isPartOf":{"@id":"https:\/\/www.polyglot.hu\/#website"},"primaryImageOfPage":{"@id":"https:\/\/www.polyglot.hu\/en\/reference\/#primaryimage"},"image":{"@id":"https:\/\/www.polyglot.hu\/en\/reference\/#primaryimage"},"thumbnailUrl":"https:\/\/www.polyglot.hu\/wp-content\/uploads\/2023\/01\/referencia-mozaik-polyglot.webp","datePublished":"2023-07-20T10:17:33+00:00","dateModified":"2023-11-29T10:56:49+00:00","description":"Reference - quotes from our clients. With years of professional experience several business partners chose Polyglot. Contact us!","breadcrumb":{"@id":"https:\/\/www.polyglot.hu\/en\/reference\/#breadcrumb"},"inLanguage":"en-US","potentialAction":[{"@type":"ReadAction","target":["https:\/\/www.polyglot.hu\/en\/reference\/"]}]},{"@type":"ImageObject","inLanguage":"en-US","@id":"https:\/\/www.polyglot.hu\/en\/reference\/#primaryimage","url":"https:\/\/www.polyglot.hu\/wp-content\/uploads\/2023\/01\/referencia-mozaik-polyglot.webp","contentUrl":"https:\/\/www.polyglot.hu\/wp-content\/uploads\/2023\/01\/referencia-mozaik-polyglot.webp","width":1024,"height":1024},{"@type":"BreadcrumbList","@id":"https:\/\/www.polyglot.hu\/en\/reference\/#breadcrumb","itemListElement":[{"@type":"ListItem","position":1,"name":"Kezd\u0151lap","item":"https:\/\/www.polyglot.hu\/en\/"},{"@type":"ListItem","position":2,"name":"Reference"}]},{"@type":"WebSite","@id":"https:\/\/www.polyglot.hu\/#website","url":"https:\/\/www.polyglot.hu\/","name":"Polyglot","description":"Ford\u00edt\u00e1s \u00e9s tolm\u00e1csol\u00e1s","publisher":{"@id":"https:\/\/www.polyglot.hu\/#organization"},"alternateName":"Polyglot Translation Agency","potentialAction":[{"@type":"SearchAction","target":{"@type":"EntryPoint","urlTemplate":"https:\/\/www.polyglot.hu\/?s={search_term_string}"},"query-input":{"@type":"PropertyValueSpecification","valueRequired":true,"valueName":"search_term_string"}}],"inLanguage":"en-US"},{"@type":"Organization","@id":"https:\/\/www.polyglot.hu\/#organization","name":"Polyglot Hungary Bt.","alternateName":"Polyglot Ford\u00edt\u00f3iroda","url":"https:\/\/www.polyglot.hu\/","logo":{"@type":"ImageObject","inLanguage":"en-US","@id":"https:\/\/www.polyglot.hu\/#\/schema\/logo\/image\/","url":"https:\/\/www.polyglot.hu\/wp-content\/uploads\/2022\/11\/Polyglot-logo-forditas.png","contentUrl":"https:\/\/www.polyglot.hu\/wp-content\/uploads\/2022\/11\/Polyglot-logo-forditas.png","width":1280,"height":565,"caption":"Polyglot Hungary Bt."},"image":{"@id":"https:\/\/www.polyglot.hu\/#\/schema\/logo\/image\/"},"sameAs":["https:\/\/www.facebook.com\/polyglot.hu"]}]}},"_links":{"self":[{"href":"https:\/\/www.polyglot.hu\/en\/wp-json\/wp\/v2\/pages\/4035","targetHints":{"allow":["GET"]}}],"collection":[{"href":"https:\/\/www.polyglot.hu\/en\/wp-json\/wp\/v2\/pages"}],"about":[{"href":"https:\/\/www.polyglot.hu\/en\/wp-json\/wp\/v2\/types\/page"}],"author":[{"embeddable":true,"href":"https:\/\/www.polyglot.hu\/en\/wp-json\/wp\/v2\/users\/3"}],"replies":[{"embeddable":true,"href":"https:\/\/www.polyglot.hu\/en\/wp-json\/wp\/v2\/comments?post=4035"}],"version-history":[{"count":0,"href":"https:\/\/www.polyglot.hu\/en\/wp-json\/wp\/v2\/pages\/4035\/revisions"}],"wp:featuredmedia":[{"embeddable":true,"href":"https:\/\/www.polyglot.hu\/en\/wp-json\/wp\/v2\/media\/3723"}],"wp:attachment":[{"href":"https:\/\/www.polyglot.hu\/en\/wp-json\/wp\/v2\/media?parent=4035"}],"curies":[{"name":"wp","href":"https:\/\/api.w.org\/{rel}","templated":true}]}}