{"id":3892,"date":"2023-06-29T20:28:51","date_gmt":"2023-06-29T18:28:51","guid":{"rendered":"https:\/\/www.polyglot.hu\/?page_id=3892"},"modified":"2024-09-30T12:08:16","modified_gmt":"2024-09-30T10:08:16","slug":"about-us","status":"publish","type":"page","link":"https:\/\/www.polyglot.hu\/en\/about-us\/","title":{"rendered":"About Us"},"content":{"rendered":"\t\t<div data-elementor-type=\"wp-page\" data-elementor-id=\"3892\" class=\"elementor elementor-3892 elementor-88\" data-elementor-post-type=\"page\">\n\t\t\t\t\t\t<section class=\"elementor-section elementor-top-section elementor-element elementor-element-71234278 elementor-section-boxed elementor-section-height-default elementor-section-height-default\" data-id=\"71234278\" data-element_type=\"section\" data-settings=\"{&quot;background_background&quot;:&quot;classic&quot;}\">\n\t\t\t\t\t\t<div class=\"elementor-container elementor-column-gap-default\">\n\t\t\t\t\t<div class=\"elementor-column elementor-col-100 elementor-top-column elementor-element elementor-element-3e490573\" data-id=\"3e490573\" data-element_type=\"column\">\n\t\t\t<div class=\"elementor-widget-wrap elementor-element-populated\">\n\t\t\t\t\t\t<div class=\"elementor-element elementor-element-2609bc1e elementor-widget elementor-widget-heading\" data-id=\"2609bc1e\" data-element_type=\"widget\" data-widget_type=\"heading.default\">\n\t\t\t\t<div class=\"elementor-widget-container\">\n\t\t\t\t\t<h1 class=\"elementor-heading-title elementor-size-default\">About Us<\/h1>\t\t\t\t<\/div>\n\t\t\t\t<\/div>\n\t\t\t\t\t<\/div>\n\t\t<\/div>\n\t\t\t\t\t<\/div>\n\t\t<\/section>\n\t\t\t\t<section class=\"elementor-section elementor-top-section elementor-element elementor-element-34b82fb7 elementor-section-content-middle elementor-section-boxed elementor-section-height-default elementor-section-height-default\" data-id=\"34b82fb7\" data-element_type=\"section\" data-settings=\"{&quot;background_background&quot;:&quot;classic&quot;}\">\n\t\t\t\t\t\t<div class=\"elementor-container elementor-column-gap-default\">\n\t\t\t\t\t<div class=\"elementor-column elementor-col-50 elementor-top-column elementor-element elementor-element-7676bcd8\" data-id=\"7676bcd8\" data-element_type=\"column\">\n\t\t\t<div class=\"elementor-widget-wrap elementor-element-populated\">\n\t\t\t\t\t\t<div class=\"elementor-element elementor-element-66c305d2 animated-slow elementor-invisible elementor-widget elementor-widget-heading\" data-id=\"66c305d2\" data-element_type=\"widget\" data-settings=\"{&quot;_animation&quot;:&quot;fadeInLeft&quot;}\" data-widget_type=\"heading.default\">\n\t\t\t\t<div class=\"elementor-widget-container\">\n\t\t\t\t\t<h2 class=\"elementor-heading-title elementor-size-default\">About us: who we are?<\/h2>\t\t\t\t<\/div>\n\t\t\t\t<\/div>\n\t\t\t\t<div class=\"elementor-element elementor-element-4acd4378 elementor-widget elementor-widget-text-editor\" data-id=\"4acd4378\" data-element_type=\"widget\" data-widget_type=\"text-editor.default\">\n\t\t\t\t<div class=\"elementor-widget-container\">\n\t\t\t\t\t\t\t\t\t<p>Polyglot Translation and Interpreting Services has been providing quality language services to its clients since 2007. When our company was founded, a significant part of our assignments was in the field of official interpreting, translation and proofreading in the public administration and judiciary. Later, in response to new market needs, our services were extended to the business world.<\/p><p><a href=\"https:\/\/www.polyglot.hu\/en\/service\/\" target=\"_blank\" rel=\"noopener\">Top-quality work<\/a> can be achieved with highly qualified staff who are committed to the profession. With this in mind, we carefully select our professional translators, interpreters, who are qualified and have many years of experience in the required specific fields. Our aim is to contribute to the success of our clients\u2019 work, study and business in Hungary and abroad by providing a professional, top-quality service.<\/p>\t\t\t\t\t\t\t\t<\/div>\n\t\t\t\t<\/div>\n\t\t\t\t<div class=\"elementor-element elementor-element-2dbc45cc elementor-widget-divider--view-line elementor-widget elementor-widget-divider\" data-id=\"2dbc45cc\" data-element_type=\"widget\" data-widget_type=\"divider.default\">\n\t\t\t\t<div class=\"elementor-widget-container\">\n\t\t\t\t\t\t\t<div class=\"elementor-divider\">\n\t\t\t<span class=\"elementor-divider-separator\">\n\t\t\t\t\t\t<\/span>\n\t\t<\/div>\n\t\t\t\t\t\t<\/div>\n\t\t\t\t<\/div>\n\t\t\t\t<div class=\"elementor-element elementor-element-145d971 elementor-widget__width-initial elementor-widget elementor-widget-heading\" data-id=\"145d971\" data-element_type=\"widget\" data-widget_type=\"heading.default\">\n\t\t\t\t<div class=\"elementor-widget-container\">\n\t\t\t\t\t<h3 class=\"elementor-heading-title elementor-size-default\">Our fast, professional and client-friendly team helps you overcome language barriers.\n<\/h3>\t\t\t\t<\/div>\n\t\t\t\t<\/div>\n\t\t\t\t\t<\/div>\n\t\t<\/div>\n\t\t\t\t<div class=\"elementor-column elementor-col-50 elementor-top-column elementor-element elementor-element-44321783\" data-id=\"44321783\" data-element_type=\"column\" data-settings=\"{&quot;background_background&quot;:&quot;classic&quot;}\">\n\t\t\t<div class=\"elementor-widget-wrap elementor-element-populated\">\n\t\t\t\t\t\t<div class=\"elementor-element elementor-element-7b54046c elementor-widget elementor-widget-image\" data-id=\"7b54046c\" data-element_type=\"widget\" data-widget_type=\"image.default\">\n\t\t\t\t<div class=\"elementor-widget-container\">\n\t\t\t\t\t\t\t\t\t\t\t\t\t\t\t<img fetchpriority=\"high\" decoding=\"async\" width=\"800\" height=\"800\" src=\"https:\/\/www.polyglot.hu\/wp-content\/uploads\/2023\/01\/fordito-szakember-polyglot-1024x1024.webp\" class=\"attachment-large size-large wp-image-2409\" alt=\"A Polyglot Ford\u00edt\u00f3iroda gyors, profi \u00e9s \u00fcgyf\u00e9lbar\u00e1t csapata seg\u00edt lek\u00fczdeni a nyelvi akad\u00e1lyokat.\" srcset=\"https:\/\/www.polyglot.hu\/wp-content\/uploads\/2023\/01\/fordito-szakember-polyglot.webp 1024w, https:\/\/www.polyglot.hu\/wp-content\/uploads\/2023\/01\/fordito-szakember-polyglot-300x300.webp 300w, https:\/\/www.polyglot.hu\/wp-content\/uploads\/2023\/01\/fordito-szakember-polyglot-150x150.webp 150w, https:\/\/www.polyglot.hu\/wp-content\/uploads\/2023\/01\/fordito-szakember-polyglot-768x768.webp 768w, https:\/\/www.polyglot.hu\/wp-content\/uploads\/2023\/01\/fordito-szakember-polyglot-12x12.webp 12w\" sizes=\"(max-width: 800px) 100vw, 800px\" \/>\t\t\t\t\t\t\t\t\t\t\t\t\t\t\t<\/div>\n\t\t\t\t<\/div>\n\t\t\t\t\t<\/div>\n\t\t<\/div>\n\t\t\t\t\t<\/div>\n\t\t<\/section>\n\t\t\t\t<section class=\"elementor-section elementor-top-section elementor-element elementor-element-66b4a4c7 elementor-section-full_width elementor-section-content-top elementor-section-height-default elementor-section-height-default\" data-id=\"66b4a4c7\" data-element_type=\"section\" data-settings=\"{&quot;background_background&quot;:&quot;classic&quot;}\">\n\t\t\t\t\t\t<div class=\"elementor-container elementor-column-gap-no\">\n\t\t\t\t\t<div class=\"elementor-column elementor-col-50 elementor-top-column elementor-element elementor-element-4c4710ab animated-slow elementor-invisible\" data-id=\"4c4710ab\" data-element_type=\"column\" data-settings=\"{&quot;background_background&quot;:&quot;classic&quot;,&quot;animation&quot;:&quot;fadeInLeft&quot;}\">\n\t\t\t<div class=\"elementor-widget-wrap elementor-element-populated\">\n\t\t\t\t\t<div class=\"elementor-background-overlay\"><\/div>\n\t\t\t\t\t\t<div class=\"elementor-element elementor-element-597cbbe elementor-widget elementor-widget-image\" data-id=\"597cbbe\" data-element_type=\"widget\" data-widget_type=\"image.default\">\n\t\t\t\t<div class=\"elementor-widget-container\">\n\t\t\t\t\t\t\t\t\t\t\t\t\t\t\t<img decoding=\"async\" width=\"800\" height=\"800\" src=\"https:\/\/www.polyglot.hu\/wp-content\/uploads\/2023\/01\/soti-aniko-polyglot-1024x1024.webp\" class=\"attachment-large size-large wp-image-2432\" alt=\"S\u00f3ti Anik\u00f3 a Polyglot Ford\u00edt\u00f3iroda \u00fcgyvezet\u0151je, tulajdonosa.\" srcset=\"https:\/\/www.polyglot.hu\/wp-content\/uploads\/2023\/01\/soti-aniko-polyglot.webp 1024w, https:\/\/www.polyglot.hu\/wp-content\/uploads\/2023\/01\/soti-aniko-polyglot-300x300.webp 300w, https:\/\/www.polyglot.hu\/wp-content\/uploads\/2023\/01\/soti-aniko-polyglot-150x150.webp 150w, https:\/\/www.polyglot.hu\/wp-content\/uploads\/2023\/01\/soti-aniko-polyglot-768x768.webp 768w, https:\/\/www.polyglot.hu\/wp-content\/uploads\/2023\/01\/soti-aniko-polyglot-12x12.webp 12w\" sizes=\"(max-width: 800px) 100vw, 800px\" \/>\t\t\t\t\t\t\t\t\t\t\t\t\t\t\t<\/div>\n\t\t\t\t<\/div>\n\t\t\t\t<div class=\"elementor-element elementor-element-d00921f elementor-widget elementor-widget-spacer\" data-id=\"d00921f\" data-element_type=\"widget\" data-widget_type=\"spacer.default\">\n\t\t\t\t<div class=\"elementor-widget-container\">\n\t\t\t\t\t\t\t<div class=\"elementor-spacer\">\n\t\t\t<div class=\"elementor-spacer-inner\"><\/div>\n\t\t<\/div>\n\t\t\t\t\t\t<\/div>\n\t\t\t\t<\/div>\n\t\t\t\t\t<\/div>\n\t\t<\/div>\n\t\t\t\t<div class=\"elementor-column elementor-col-50 elementor-top-column elementor-element elementor-element-4f8fb4c7\" data-id=\"4f8fb4c7\" data-element_type=\"column\" data-settings=\"{&quot;background_background&quot;:&quot;classic&quot;}\">\n\t\t\t<div class=\"elementor-widget-wrap elementor-element-populated\">\n\t\t\t\t\t<div class=\"elementor-background-overlay\"><\/div>\n\t\t\t\t\t\t<div class=\"elementor-element elementor-element-74df4be animated-slow elementor-invisible elementor-widget elementor-widget-heading\" data-id=\"74df4be\" data-element_type=\"widget\" data-settings=\"{&quot;_animation&quot;:&quot;fadeInLeft&quot;}\" data-widget_type=\"heading.default\">\n\t\t\t\t<div class=\"elementor-widget-container\">\n\t\t\t\t\t<h2 class=\"elementor-heading-title elementor-size-default\">S\u00d3TI ANIK\u00d3<\/h2>\t\t\t\t<\/div>\n\t\t\t\t<\/div>\n\t\t\t\t<div class=\"elementor-element elementor-element-e36a1e0 elementor-widget elementor-widget-heading\" data-id=\"e36a1e0\" data-element_type=\"widget\" data-widget_type=\"heading.default\">\n\t\t\t\t<div class=\"elementor-widget-container\">\n\t\t\t\t\t<h3 class=\"elementor-heading-title elementor-size-default\">Managing director, Owner<\/h3>\t\t\t\t<\/div>\n\t\t\t\t<\/div>\n\t\t\t\t<div class=\"elementor-element elementor-element-5e90a107 elementor-widget elementor-widget-text-editor\" data-id=\"5e90a107\" data-element_type=\"widget\" data-widget_type=\"text-editor.default\">\n\t\t\t\t<div class=\"elementor-widget-container\">\n\t\t\t\t\t\t\t\t\t<p>My dream as a child was to become a stewardess or a receptionist\u2026it was considered so special at the time. In the meantime, I was preparing for a career in music, but when the world opened up to me by learning foreign languages, I realised that my path was different. I wanted to travel, to learn about other peoples\u2019 cultures and customs, to become a bit local, it\u2019s so exciting.<\/p><p>After graduating as a language teacher, I started my career as a language teacher, and over the past 10 years I have worked as an interpreter for companies, municipalities and public authorities in Hungary and abroad.<\/p>\t\t\t\t\t\t\t\t<\/div>\n\t\t\t\t<\/div>\n\t\t\t\t\t<\/div>\n\t\t<\/div>\n\t\t\t\t\t<\/div>\n\t\t<\/section>\n\t\t\t\t<section class=\"elementor-section elementor-top-section elementor-element elementor-element-a927b8f elementor-section-boxed elementor-section-height-default elementor-section-height-default\" data-id=\"a927b8f\" data-element_type=\"section\">\n\t\t\t\t\t\t<div class=\"elementor-container elementor-column-gap-default\">\n\t\t\t\t\t<div class=\"elementor-column elementor-col-100 elementor-top-column elementor-element elementor-element-ed7d74c\" data-id=\"ed7d74c\" data-element_type=\"column\">\n\t\t\t<div class=\"elementor-widget-wrap elementor-element-populated\">\n\t\t\t\t\t\t<div class=\"elementor-element elementor-element-6410b7f elementor-widget elementor-widget-text-editor\" data-id=\"6410b7f\" data-element_type=\"widget\" data-widget_type=\"text-editor.default\">\n\t\t\t\t<div class=\"elementor-widget-container\">\n\t\t\t\t\t\t\t\t\t<p>As a lecturer I also taught consecutive interpreting and legal translation at the University of Szeged.<\/p><p>In 2007, I founded the Polyglot Translation and Interpreting Services, which I am constantly developing and making unique with innovative ideas.<\/p><p>To achieve this, I get a lot of inspiration from my daughter, who represents the next generation, and advice from my husband on financial-strategic decisions.<\/p>\t\t\t\t\t\t\t\t<\/div>\n\t\t\t\t<\/div>\n\t\t\t\t\t<\/div>\n\t\t<\/div>\n\t\t\t\t\t<\/div>\n\t\t<\/section>\n\t\t\t\t<section class=\"elementor-section elementor-top-section elementor-element elementor-element-5b9a3d5c elementor-section-boxed elementor-section-height-default elementor-section-height-default\" data-id=\"5b9a3d5c\" data-element_type=\"section\" data-settings=\"{&quot;background_background&quot;:&quot;classic&quot;}\">\n\t\t\t\t\t\t\t<div class=\"elementor-background-overlay\"><\/div>\n\t\t\t\t\t\t\t<div class=\"elementor-container elementor-column-gap-default\">\n\t\t\t\t\t<div class=\"elementor-column elementor-col-100 elementor-top-column elementor-element elementor-element-5a7b0a13\" data-id=\"5a7b0a13\" data-element_type=\"column\">\n\t\t\t<div class=\"elementor-widget-wrap elementor-element-populated\">\n\t\t\t\t\t\t<div class=\"elementor-element elementor-element-7d3baadc animated-slow elementor-invisible elementor-widget elementor-widget-heading\" data-id=\"7d3baadc\" data-element_type=\"widget\" data-settings=\"{&quot;_animation&quot;:&quot;fadeInLeft&quot;}\" data-widget_type=\"heading.default\">\n\t\t\t\t<div class=\"elementor-widget-container\">\n\t\t\t\t\t<h5 class=\"elementor-heading-title elementor-size-default\">It is a real Italian style family business.<\/h5>\t\t\t\t<\/div>\n\t\t\t\t<\/div>\n\t\t\t\t<div class=\"elementor-element elementor-element-62630501 elementor-widget elementor-widget-heading\" data-id=\"62630501\" data-element_type=\"widget\" data-widget_type=\"heading.default\">\n\t\t\t\t<div class=\"elementor-widget-container\">\n\t\t\t\t\t<h2 class=\"elementor-heading-title elementor-size-default\">What is important about us? Polyglot is an expert in language solutions.<\/h2>\t\t\t\t<\/div>\n\t\t\t\t<\/div>\n\t\t\t\t<div class=\"elementor-element elementor-element-e6595c0 elementor-widget elementor-widget-spacer\" data-id=\"e6595c0\" data-element_type=\"widget\" data-widget_type=\"spacer.default\">\n\t\t\t\t<div class=\"elementor-widget-container\">\n\t\t\t\t\t\t\t<div class=\"elementor-spacer\">\n\t\t\t<div class=\"elementor-spacer-inner\"><\/div>\n\t\t<\/div>\n\t\t\t\t\t\t<\/div>\n\t\t\t\t<\/div>\n\t\t\t\t<div class=\"elementor-element elementor-element-56c8838 elementor-widget-divider--view-line elementor-widget elementor-widget-divider\" data-id=\"56c8838\" data-element_type=\"widget\" data-widget_type=\"divider.default\">\n\t\t\t\t<div class=\"elementor-widget-container\">\n\t\t\t\t\t\t\t<div class=\"elementor-divider\">\n\t\t\t<span class=\"elementor-divider-separator\">\n\t\t\t\t\t\t<\/span>\n\t\t<\/div>\n\t\t\t\t\t\t<\/div>\n\t\t\t\t<\/div>\n\t\t\t\t<div class=\"elementor-element elementor-element-8174d98 animated-slow elementor-invisible elementor-widget elementor-widget-heading\" data-id=\"8174d98\" data-element_type=\"widget\" data-settings=\"{&quot;_animation&quot;:&quot;fadeInLeft&quot;}\" data-widget_type=\"heading.default\">\n\t\t\t\t<div class=\"elementor-widget-container\">\n\t\t\t\t\t<h5 class=\"elementor-heading-title elementor-size-default\">Jelentkezz csapatunkba<\/h5>\t\t\t\t<\/div>\n\t\t\t\t<\/div>\n\t\t\t\t<div class=\"elementor-element elementor-element-b8caced elementor-align-center elementor-widget elementor-widget-button\" data-id=\"b8caced\" data-element_type=\"widget\" data-widget_type=\"button.default\">\n\t\t\t\t<div class=\"elementor-widget-container\">\n\t\t\t\t\t\t\t\t\t<div class=\"elementor-button-wrapper\">\n\t\t\t\t\t<a class=\"elementor-button elementor-button-link elementor-size-sm\" href=\"https:\/\/www.polyglot.hu\/fordito-tolmacs-allasok\/\">\n\t\t\t\t\t\t<span class=\"elementor-button-content-wrapper\">\n\t\t\t\t\t\t\t\t\t<span class=\"elementor-button-text\">Ford\u00edt\u00f3 \u00e9s tolm\u00e1cs \u00e1ll\u00e1sok<\/span>\n\t\t\t\t\t<\/span>\n\t\t\t\t\t<\/a>\n\t\t\t\t<\/div>\n\t\t\t\t\t\t\t\t<\/div>\n\t\t\t\t<\/div>\n\t\t\t\t<div class=\"elementor-element elementor-element-2ddccb3 elementor-widget elementor-widget-spacer\" data-id=\"2ddccb3\" data-element_type=\"widget\" data-widget_type=\"spacer.default\">\n\t\t\t\t<div class=\"elementor-widget-container\">\n\t\t\t\t\t\t\t<div class=\"elementor-spacer\">\n\t\t\t<div class=\"elementor-spacer-inner\"><\/div>\n\t\t<\/div>\n\t\t\t\t\t\t<\/div>\n\t\t\t\t<\/div>\n\t\t\t\t\t<\/div>\n\t\t<\/div>\n\t\t\t\t\t<\/div>\n\t\t<\/section>\n\t\t\t\t<\/div>\n\t\t","protected":false},"excerpt":{"rendered":"<p>Polyglot Translation and Interpreting Services has been providing quality language services to its clients since 2007. When our company was founded, a significant part of our assignments was in the field of official interpreting, translation and proofreading in the public administration and judiciary<\/p>\n","protected":false},"author":2,"featured_media":3711,"parent":0,"menu_order":0,"comment_status":"closed","ping_status":"closed","template":"","meta":{"footnotes":""},"class_list":["post-3892","page","type-page","status-publish","has-post-thumbnail","hentry"],"yoast_head":"<!-- This site is optimized with the Yoast SEO plugin v25.7 - https:\/\/yoast.com\/wordpress\/plugins\/seo\/ -->\n<title>About Us - Polyglot<\/title>\n<meta name=\"description\" content=\"About us: a brief introduction of Polyglot Translation Agency. Please contact us for professional help and service!\" \/>\n<meta name=\"robots\" content=\"index, follow, max-snippet:-1, max-image-preview:large, max-video-preview:-1\" \/>\n<link rel=\"canonical\" href=\"https:\/\/www.polyglot.hu\/en\/about-us\/\" \/>\n<meta property=\"og:locale\" content=\"en_US\" \/>\n<meta property=\"og:type\" content=\"article\" \/>\n<meta property=\"og:title\" content=\"About Us - Polyglot\" \/>\n<meta property=\"og:description\" content=\"About us: a brief introduction of Polyglot Translation Agency. Please contact us for professional help and service!\" \/>\n<meta property=\"og:url\" content=\"https:\/\/www.polyglot.hu\/en\/about-us\/\" \/>\n<meta property=\"og:site_name\" content=\"Polyglot\" \/>\n<meta property=\"article:publisher\" content=\"https:\/\/www.facebook.com\/polyglot.hu\" \/>\n<meta property=\"article:modified_time\" content=\"2024-09-30T10:08:16+00:00\" \/>\n<meta property=\"og:image\" content=\"https:\/\/www.polyglot.hu\/wp-content\/uploads\/2023\/01\/soti-aniko-polyglot.webp\" \/>\n\t<meta property=\"og:image:width\" content=\"1024\" \/>\n\t<meta property=\"og:image:height\" content=\"1024\" \/>\n\t<meta property=\"og:image:type\" content=\"image\/webp\" \/>\n<meta name=\"twitter:card\" content=\"summary_large_image\" \/>\n<meta name=\"twitter:label1\" content=\"Est. reading time\" \/>\n\t<meta name=\"twitter:data1\" content=\"2 minutes\" \/>\n<script type=\"application\/ld+json\" class=\"yoast-schema-graph\">{\"@context\":\"https:\/\/schema.org\",\"@graph\":[{\"@type\":\"WebPage\",\"@id\":\"https:\/\/www.polyglot.hu\/en\/about-us\/\",\"url\":\"https:\/\/www.polyglot.hu\/en\/about-us\/\",\"name\":\"About Us - Polyglot\",\"isPartOf\":{\"@id\":\"https:\/\/www.polyglot.hu\/#website\"},\"primaryImageOfPage\":{\"@id\":\"https:\/\/www.polyglot.hu\/en\/about-us\/#primaryimage\"},\"image\":{\"@id\":\"https:\/\/www.polyglot.hu\/en\/about-us\/#primaryimage\"},\"thumbnailUrl\":\"https:\/\/www.polyglot.hu\/wp-content\/uploads\/2023\/01\/soti-aniko-polyglot.webp\",\"datePublished\":\"2023-06-29T18:28:51+00:00\",\"dateModified\":\"2024-09-30T10:08:16+00:00\",\"description\":\"About us: a brief introduction of Polyglot Translation Agency. Please contact us for professional help and service!\",\"breadcrumb\":{\"@id\":\"https:\/\/www.polyglot.hu\/en\/about-us\/#breadcrumb\"},\"inLanguage\":\"en-US\",\"potentialAction\":[{\"@type\":\"ReadAction\",\"target\":[\"https:\/\/www.polyglot.hu\/en\/about-us\/\"]}]},{\"@type\":\"ImageObject\",\"inLanguage\":\"en-US\",\"@id\":\"https:\/\/www.polyglot.hu\/en\/about-us\/#primaryimage\",\"url\":\"https:\/\/www.polyglot.hu\/wp-content\/uploads\/2023\/01\/soti-aniko-polyglot.webp\",\"contentUrl\":\"https:\/\/www.polyglot.hu\/wp-content\/uploads\/2023\/01\/soti-aniko-polyglot.webp\",\"width\":1024,\"height\":1024},{\"@type\":\"BreadcrumbList\",\"@id\":\"https:\/\/www.polyglot.hu\/en\/about-us\/#breadcrumb\",\"itemListElement\":[{\"@type\":\"ListItem\",\"position\":1,\"name\":\"Kezd\u0151lap\",\"item\":\"https:\/\/www.polyglot.hu\/en\/\"},{\"@type\":\"ListItem\",\"position\":2,\"name\":\"About Us\"}]},{\"@type\":\"WebSite\",\"@id\":\"https:\/\/www.polyglot.hu\/#website\",\"url\":\"https:\/\/www.polyglot.hu\/\",\"name\":\"Polyglot\",\"description\":\"Ford\u00edt\u00e1s \u00e9s tolm\u00e1csol\u00e1s\",\"publisher\":{\"@id\":\"https:\/\/www.polyglot.hu\/#organization\"},\"alternateName\":\"Polyglot Translation Agency\",\"potentialAction\":[{\"@type\":\"SearchAction\",\"target\":{\"@type\":\"EntryPoint\",\"urlTemplate\":\"https:\/\/www.polyglot.hu\/?s={search_term_string}\"},\"query-input\":{\"@type\":\"PropertyValueSpecification\",\"valueRequired\":true,\"valueName\":\"search_term_string\"}}],\"inLanguage\":\"en-US\"},{\"@type\":\"Organization\",\"@id\":\"https:\/\/www.polyglot.hu\/#organization\",\"name\":\"Polyglot Hungary Bt.\",\"alternateName\":\"Polyglot Ford\u00edt\u00f3iroda\",\"url\":\"https:\/\/www.polyglot.hu\/\",\"logo\":{\"@type\":\"ImageObject\",\"inLanguage\":\"en-US\",\"@id\":\"https:\/\/www.polyglot.hu\/#\/schema\/logo\/image\/\",\"url\":\"https:\/\/www.polyglot.hu\/wp-content\/uploads\/2022\/11\/Polyglot-logo-forditas.png\",\"contentUrl\":\"https:\/\/www.polyglot.hu\/wp-content\/uploads\/2022\/11\/Polyglot-logo-forditas.png\",\"width\":1280,\"height\":565,\"caption\":\"Polyglot Hungary Bt.\"},\"image\":{\"@id\":\"https:\/\/www.polyglot.hu\/#\/schema\/logo\/image\/\"},\"sameAs\":[\"https:\/\/www.facebook.com\/polyglot.hu\"]}]}<\/script>\n<!-- \/ Yoast SEO plugin. -->","yoast_head_json":{"title":"About Us - Polyglot","description":"About us: a brief introduction of Polyglot Translation Agency. Please contact us for professional help and service!","robots":{"index":"index","follow":"follow","max-snippet":"max-snippet:-1","max-image-preview":"max-image-preview:large","max-video-preview":"max-video-preview:-1"},"canonical":"https:\/\/www.polyglot.hu\/en\/about-us\/","og_locale":"en_US","og_type":"article","og_title":"About Us - Polyglot","og_description":"About us: a brief introduction of Polyglot Translation Agency. Please contact us for professional help and service!","og_url":"https:\/\/www.polyglot.hu\/en\/about-us\/","og_site_name":"Polyglot","article_publisher":"https:\/\/www.facebook.com\/polyglot.hu","article_modified_time":"2024-09-30T10:08:16+00:00","og_image":[{"width":1024,"height":1024,"url":"https:\/\/www.polyglot.hu\/wp-content\/uploads\/2023\/01\/soti-aniko-polyglot.webp","type":"image\/webp"}],"twitter_card":"summary_large_image","twitter_misc":{"Est. reading time":"2 minutes"},"schema":{"@context":"https:\/\/schema.org","@graph":[{"@type":"WebPage","@id":"https:\/\/www.polyglot.hu\/en\/about-us\/","url":"https:\/\/www.polyglot.hu\/en\/about-us\/","name":"About Us - Polyglot","isPartOf":{"@id":"https:\/\/www.polyglot.hu\/#website"},"primaryImageOfPage":{"@id":"https:\/\/www.polyglot.hu\/en\/about-us\/#primaryimage"},"image":{"@id":"https:\/\/www.polyglot.hu\/en\/about-us\/#primaryimage"},"thumbnailUrl":"https:\/\/www.polyglot.hu\/wp-content\/uploads\/2023\/01\/soti-aniko-polyglot.webp","datePublished":"2023-06-29T18:28:51+00:00","dateModified":"2024-09-30T10:08:16+00:00","description":"About us: a brief introduction of Polyglot Translation Agency. Please contact us for professional help and service!","breadcrumb":{"@id":"https:\/\/www.polyglot.hu\/en\/about-us\/#breadcrumb"},"inLanguage":"en-US","potentialAction":[{"@type":"ReadAction","target":["https:\/\/www.polyglot.hu\/en\/about-us\/"]}]},{"@type":"ImageObject","inLanguage":"en-US","@id":"https:\/\/www.polyglot.hu\/en\/about-us\/#primaryimage","url":"https:\/\/www.polyglot.hu\/wp-content\/uploads\/2023\/01\/soti-aniko-polyglot.webp","contentUrl":"https:\/\/www.polyglot.hu\/wp-content\/uploads\/2023\/01\/soti-aniko-polyglot.webp","width":1024,"height":1024},{"@type":"BreadcrumbList","@id":"https:\/\/www.polyglot.hu\/en\/about-us\/#breadcrumb","itemListElement":[{"@type":"ListItem","position":1,"name":"Kezd\u0151lap","item":"https:\/\/www.polyglot.hu\/en\/"},{"@type":"ListItem","position":2,"name":"About Us"}]},{"@type":"WebSite","@id":"https:\/\/www.polyglot.hu\/#website","url":"https:\/\/www.polyglot.hu\/","name":"Polyglot","description":"Ford\u00edt\u00e1s \u00e9s tolm\u00e1csol\u00e1s","publisher":{"@id":"https:\/\/www.polyglot.hu\/#organization"},"alternateName":"Polyglot Translation Agency","potentialAction":[{"@type":"SearchAction","target":{"@type":"EntryPoint","urlTemplate":"https:\/\/www.polyglot.hu\/?s={search_term_string}"},"query-input":{"@type":"PropertyValueSpecification","valueRequired":true,"valueName":"search_term_string"}}],"inLanguage":"en-US"},{"@type":"Organization","@id":"https:\/\/www.polyglot.hu\/#organization","name":"Polyglot Hungary Bt.","alternateName":"Polyglot Ford\u00edt\u00f3iroda","url":"https:\/\/www.polyglot.hu\/","logo":{"@type":"ImageObject","inLanguage":"en-US","@id":"https:\/\/www.polyglot.hu\/#\/schema\/logo\/image\/","url":"https:\/\/www.polyglot.hu\/wp-content\/uploads\/2022\/11\/Polyglot-logo-forditas.png","contentUrl":"https:\/\/www.polyglot.hu\/wp-content\/uploads\/2022\/11\/Polyglot-logo-forditas.png","width":1280,"height":565,"caption":"Polyglot Hungary Bt."},"image":{"@id":"https:\/\/www.polyglot.hu\/#\/schema\/logo\/image\/"},"sameAs":["https:\/\/www.facebook.com\/polyglot.hu"]}]}},"_links":{"self":[{"href":"https:\/\/www.polyglot.hu\/en\/wp-json\/wp\/v2\/pages\/3892","targetHints":{"allow":["GET"]}}],"collection":[{"href":"https:\/\/www.polyglot.hu\/en\/wp-json\/wp\/v2\/pages"}],"about":[{"href":"https:\/\/www.polyglot.hu\/en\/wp-json\/wp\/v2\/types\/page"}],"author":[{"embeddable":true,"href":"https:\/\/www.polyglot.hu\/en\/wp-json\/wp\/v2\/users\/2"}],"replies":[{"embeddable":true,"href":"https:\/\/www.polyglot.hu\/en\/wp-json\/wp\/v2\/comments?post=3892"}],"version-history":[{"count":0,"href":"https:\/\/www.polyglot.hu\/en\/wp-json\/wp\/v2\/pages\/3892\/revisions"}],"wp:featuredmedia":[{"embeddable":true,"href":"https:\/\/www.polyglot.hu\/en\/wp-json\/wp\/v2\/media\/3711"}],"wp:attachment":[{"href":"https:\/\/www.polyglot.hu\/en\/wp-json\/wp\/v2\/media?parent=3892"}],"curies":[{"name":"wp","href":"https:\/\/api.w.org\/{rel}","templated":true}]}}